{"id":206,"date":"2024-01-04T16:16:26","date_gmt":"2024-01-04T15:16:26","guid":{"rendered":"https:\/\/rdconsultant-formation.com\/?page_id=206"},"modified":"2024-04-29T17:48:39","modified_gmt":"2024-04-29T15:48:39","slug":"mentions-legales","status":"publish","type":"page","link":"https:\/\/rdconsultant-formation.com\/index.php\/mentions-legales\/","title":{"rendered":"Mentions L\u00e9gales"},"content":{"rendered":"\n<ul class=\"wp-block-list\">\n<li>d\u00e9nomination sociale: <strong><em><span style=\"color: var(--theme-palette-color-2, #FE0000);\" class=\"stk-highlight\">RDConsultant<\/span><\/em><\/strong><\/li>\n\n\n\n<li>forme juridique: <strong><em><span style=\"color: var(--theme-palette-color-2, #FE0000);\" class=\"stk-highlight\">soci\u00e9t\u00e9 par actions simplifi\u00e9e \u00e0 associ\u00e9 unique ( SASU )<\/span><\/em><\/strong><\/li>\n\n\n\n<li>montant du capital social: <strong><em><span style=\"color: var(--theme-palette-color-2, #FE0000);\" class=\"stk-highlight\">10 000 Euros<\/span><\/em><\/strong><\/li>\n\n\n\n<li>adresse du si\u00e8ge social:<span style=\"color: var(--theme-palette-color-2, #FE0000);\" class=\"stk-highlight\"><strong><em> 24 C rue de la mairie 21490 Bretigny<\/em><\/strong><\/span><\/li>\n\n\n\n<li>pour nous contacter : <span style=\"color: var(--theme-palette-color-2, #FE0000);\" class=\"stk-highlight\"><strong><em>contact@rdconsultant-formation.com<\/em><\/strong><\/span><\/li>\n\n\n\n<li>Images, illustrations et photographies :<em><span style=\"color: var(--theme-palette-color-2, #FE0000);\" class=\"stk-highlight\"><strong>\u00a0pixabay, unsplash<\/strong><\/span><\/em><\/li>\n\n\n\n<li>textes et responsable de publication : <strong><em><span style=\"color: var(--theme-palette-color-2, #FE0000);\" class=\"stk-highlight\">RDConsultant<\/span><\/em><\/strong><\/li>\n\n\n\n<li>informations relatives \u00e0 l\u2019h\u00e9bergement du site : <span style=\"color: var(--theme-palette-color-2, #FE0000);\" class=\"stk-highlight\"><strong><em>OVH SAS &#8211; 2 rue Kellermann BP 80157 59053 ROUBAIX Cedex 1<\/em><\/strong><\/span><\/li>\n\n\n\n<li>num\u00e9ro d\u2019inscription au registre du commerce et des soci\u00e9t\u00e9s (RCS) : <span style=\"color: var(--theme-palette-color-2, #FE0000);\" class=\"stk-highlight\"><strong><em>817 681 794 R.C.S. Dijon<\/em><\/strong><\/span> <\/li>\n\n\n\n<li>num\u00e9ro individuel d\u2019identification (le num\u00e9ro de TVA intracommunautaire) : <span style=\"color: var(--theme-palette-color-2, #FE0000);\" class=\"stk-highlight\"><strong><em>FR75 817 681 794<\/em><\/strong><\/span><\/li>\n\n\n\n<li>N\u00b0 de d\u00e9claration d&rsquo;activit\u00e9 de formation : <span style=\"color: var(--theme-palette-color-2, #FE0000);\" class=\"stk-highlight\"><strong><em>27210372021<\/em><\/strong><\/span><\/li>\n<\/ul>\n","protected":false},"excerpt":{"rendered":"","protected":false},"author":1,"featured_media":0,"parent":0,"menu_order":0,"comment_status":"closed","ping_status":"closed","template":"","meta":{"footnotes":""},"class_list":["post-206","page","type-page","status-publish","hentry"],"blocksy_meta":[],"featured_image_urls":{"full":"","thumbnail":"","medium":"","medium_large":"","large":"","1536x1536":"","2048x2048":""},"post_excerpt_stackable":"<p>d\u00e9nomination sociale: RDConsultant forme juridique: soci\u00e9t\u00e9 par actions simplifi\u00e9e \u00e0 associ\u00e9 unique ( SASU ) montant du capital social: 10 000 Euros adresse du si\u00e8ge social: 24 C rue de la mairie 21490 Bretigny pour nous contacter : contact@rdconsultant-formation.com Images, illustrations et photographies :\u00a0pixabay, unsplash textes et responsable de publication : RDConsultant informations relatives \u00e0 l\u2019h\u00e9bergement du site : OVH SAS &#8211; 2 rue Kellermann BP 80157 59053 ROUBAIX Cedex 1 num\u00e9ro d\u2019inscription au registre du commerce et des soci\u00e9t\u00e9s (RCS) : 817 681 794 R.C.S. Dijon num\u00e9ro individuel d\u2019identification (le num\u00e9ro de TVA intracommunautaire) : FR75 817 681 794\u2026<\/p>\n","category_list":"","author_info":{"name":"admin9255","url":"https:\/\/rdconsultant-formation.com\/index.php\/author\/admin9255\/"},"comments_num":"0 commentaire","_links":{"self":[{"href":"https:\/\/rdconsultant-formation.com\/index.php\/wp-json\/wp\/v2\/pages\/206","targetHints":{"allow":["GET"]}}],"collection":[{"href":"https:\/\/rdconsultant-formation.com\/index.php\/wp-json\/wp\/v2\/pages"}],"about":[{"href":"https:\/\/rdconsultant-formation.com\/index.php\/wp-json\/wp\/v2\/types\/page"}],"author":[{"embeddable":true,"href":"https:\/\/rdconsultant-formation.com\/index.php\/wp-json\/wp\/v2\/users\/1"}],"replies":[{"embeddable":true,"href":"https:\/\/rdconsultant-formation.com\/index.php\/wp-json\/wp\/v2\/comments?post=206"}],"version-history":[{"count":7,"href":"https:\/\/rdconsultant-formation.com\/index.php\/wp-json\/wp\/v2\/pages\/206\/revisions"}],"predecessor-version":[{"id":351,"href":"https:\/\/rdconsultant-formation.com\/index.php\/wp-json\/wp\/v2\/pages\/206\/revisions\/351"}],"wp:attachment":[{"href":"https:\/\/rdconsultant-formation.com\/index.php\/wp-json\/wp\/v2\/media?parent=206"}],"curies":[{"name":"wp","href":"https:\/\/api.w.org\/{rel}","templated":true}]}}