{"id":31,"date":"2023-11-10T15:17:43","date_gmt":"2023-11-10T14:17:43","guid":{"rendered":"https:\/\/rdconsultant-formation.com\/?page_id=31"},"modified":"2024-04-29T17:37:13","modified_gmt":"2024-04-29T15:37:13","slug":"chaine-de-valeur","status":"publish","type":"page","link":"https:\/\/rdconsultant-formation.com\/index.php\/chaine-de-valeur\/","title":{"rendered":"Maitriser avec vous la chaine de valeur dans l&rsquo;entreprise"},"content":{"rendered":"\n<p><em><strong><mark style=\"background-color:rgba(0, 0, 0, 0)\" class=\"has-inline-color has-palette-color-2-color\"><strong><em>RDConsultant<\/em><\/strong><\/mark><\/strong><\/em> vous accompagne dans l&rsquo;\u00e9laboration r\u00e9aliste d&rsquo;outils de gestion et d&rsquo;analyse.<\/p>\n\n\n\n<div class=\"wp-block-cover alignfull\"><span aria-hidden=\"true\" class=\"wp-block-cover__background has-palette-color-3-background-color has-background-dim-100 has-background-dim\"><\/span><div class=\"wp-block-cover__inner-container is-layout-constrained wp-block-cover-is-layout-constrained\">\n<div class=\"wp-block-media-text is-stacked-on-mobile\" style=\"grid-template-columns:40% auto\"><figure class=\"wp-block-media-text__media\"><img loading=\"lazy\" decoding=\"async\" width=\"1024\" height=\"682\" src=\"https:\/\/rdconsultant-formation.com\/wp-content\/uploads\/2024\/01\/site-2672222_1280-1024x682.jpg\" alt=\"\u00e9chelon de terrassement bouteur et tombereau\" class=\"wp-image-176 size-full\" srcset=\"https:\/\/rdconsultant-formation.com\/wp-content\/uploads\/2024\/01\/site-2672222_1280-1024x682.jpg 1024w, https:\/\/rdconsultant-formation.com\/wp-content\/uploads\/2024\/01\/site-2672222_1280-300x200.jpg 300w, https:\/\/rdconsultant-formation.com\/wp-content\/uploads\/2024\/01\/site-2672222_1280-768x512.jpg 768w, https:\/\/rdconsultant-formation.com\/wp-content\/uploads\/2024\/01\/site-2672222_1280.jpg 1280w\" sizes=\"auto, (max-width: 1024px) 100vw, 1024px\" \/><\/figure><div class=\"wp-block-media-text__content\">\n<p class=\"has-large-font-size\" style=\"font-style:normal;font-weight:100\">\u00ab\u00a0chantier bien pr\u00e9par\u00e9&#8230;.<\/p>\n\n\n\n<p class=\"has-text-align-center has-large-font-size\" style=\"font-style:normal;font-weight:100\">&#8230;. chantier maitris\u00e9&#8230;<\/p>\n\n\n\n<p class=\"has-text-align-right has-large-font-size\" style=\"font-style:normal;font-weight:100\">&#8230;.partenaires rassur\u00e9s\u00a0\u00bb<\/p>\n<\/div><\/div>\n<\/div><\/div>\n\n\n\n<p>La <strong>rigueur<\/strong>, le <strong>pragmatisme<\/strong> et l&rsquo;approche <strong>\u00ab\u00a0terrain\u00a0\u00bb<\/strong> sont mis en avant afin de gagner en op\u00e9rationnalit\u00e9.<\/p>\n\n\n\n<p>Fort de son expertise dans le domaine, <mark style=\"background-color:rgba(0, 0, 0, 0)\" class=\"has-inline-color has-palette-color-2-color\"><strong><em>RDConsultant<\/em><\/strong><\/mark> vous propose, par exemple,  de vous conseiller et de vous former sur:<\/p>\n\n\n\n<ul class=\"wp-block-list\">\n<li>la mise en place et l&rsquo;utilisation de budgets et de tableaux de bord<\/li>\n<\/ul>\n\n\n\n<p>(budget de chantier, budget d&rsquo;agence, budget d&rsquo;atelier, tableau de bord de fin de mois,&#8230;)<\/p>\n\n\n\n<ul class=\"wp-block-list\">\n<li>les m\u00e9thodes d&rsquo;analyse du prix de revient<\/li>\n<\/ul>\n\n\n\n<p>(famille de ressource, sous d\u00e9tail de prix, frais de chantier, frais g\u00e9n\u00e9raux,&#8230;)<\/p>\n\n\n\n<ul class=\"wp-block-list\">\n<li>les outils de management des ressources<\/li>\n<\/ul>\n\n\n\n<p>(la m\u00e9thodologie de pr\u00e9paration des chantiers, la gestion du temps, les consultations fournisseurs, l&rsquo;animation d&rsquo;\u00e9quipe, la GEPP,&#8230;)<\/p>\n\n\n\n<div class=\"wp-block-stackable-columns alignfull stk-block-columns stk-block stk-8f2afe2 stk-block-background\" data-block-id=\"8f2afe2\"><style>.stk-8f2afe2{background-color:var(--theme-palette-color-3,#475671) !important}.stk-8f2afe2:before{background-color:var(--theme-palette-color-3,#475671) !important}<\/style><div class=\"stk-row stk-inner-blocks stk-block-content stk-content-align stk-8f2afe2-column alignfull\">\n<div class=\"wp-block-stackable-column stk-block-column stk-column stk-block stk-10aace2\" data-v=\"4\" data-block-id=\"10aace2\"><div class=\"stk-column-wrapper stk-block-column__content stk-container stk-10aace2-container stk--no-background stk--no-padding\"><div class=\"stk-block-content stk-inner-blocks stk-10aace2-inner-blocks\">\n<p class=\"has-text-align-center has-palette-color-6-color has-text-color has-link-color has-large-font-size wp-elements-5e173fe47647edbf5836841d53ab18bc\" style=\"font-style:normal;font-weight:700;text-transform:uppercase\">Pour vous<\/p>\n\n\n\n<div class=\"wp-block-stackable-columns stk-block-columns stk-block stk-13e98e5\" data-block-id=\"13e98e5\"><div class=\"stk-row stk-inner-blocks stk-block-content stk-content-align stk-13e98e5-column\">\n<div class=\"wp-block-stackable-column stk-block-column stk-column stk-block stk-f44af33\" data-v=\"4\" data-block-id=\"f44af33\"><div class=\"stk-column-wrapper stk-block-column__content stk-container stk-f44af33-container stk--no-background stk--no-padding\"><div class=\"stk-block-content stk-inner-blocks stk-f44af33-inner-blocks\">\n<div class=\"wp-block-stackable-heading stk-block-heading stk-block-heading--v2 stk-block stk-4446e2a stk-block-background\" id=\"les-responsables-de-centre-de-profit\" data-block-id=\"4446e2a\"><style>.stk-4446e2a{background-color:var(--theme-palette-color-6,#f3f4f7) !important}.stk-4446e2a:before{background-color:var(--theme-palette-color-6,#f3f4f7) !important}<\/style><h4 class=\"stk-block-heading__text has-text-align-center\">les responsables de centre de profit<\/h4><\/div>\n<\/div><\/div><\/div>\n\n\n\n<div class=\"wp-block-stackable-column stk-block-column stk-column stk-block stk-044ed2e\" data-v=\"4\" data-block-id=\"044ed2e\"><div class=\"stk-column-wrapper stk-block-column__content stk-container stk-044ed2e-container stk--no-background stk--no-padding\"><div class=\"stk-block-content stk-inner-blocks stk-044ed2e-inner-blocks\">\n<div class=\"wp-block-stackable-heading stk-block-heading stk-block-heading--v2 stk-block stk-3f8afa2 stk-block-background\" id=\"les-managers\" data-block-id=\"3f8afa2\"><style>.stk-3f8afa2{background-color:var(--theme-palette-color-6,#f3f4f7) !important}.stk-3f8afa2:before{background-color:var(--theme-palette-color-6,#f3f4f7) !important}<\/style><h4 class=\"stk-block-heading__text has-text-align-center\">les managers<\/h4><\/div>\n<\/div><\/div><\/div>\n<\/div><\/div>\n\n\n\n<div class=\"wp-block-stackable-heading stk-block-heading stk-block-heading--v2 stk-block stk-88038bd stk-block-background\" id=\"les-entrepreneurs-des-tpe-et-pme-du-btp\" data-block-id=\"88038bd\"><style>.stk-88038bd{background-color:var(--theme-palette-color-6,#f3f4f7) !important;margin-right:10px !important;margin-left:10px !important}.stk-88038bd:before{background-color:var(--theme-palette-color-6,#f3f4f7) !important}<\/style><h4 class=\"stk-block-heading__text has-text-align-center\">les entrepreneurs des TPE et PME du BTP<\/h4><\/div>\n<\/div><\/div><\/div>\n<\/div><\/div>\n\n\n\n<p>Sous la forme de votre choix:<\/p>\n\n\n\n<p><mark style=\"background-color:rgba(0, 0, 0, 0)\" class=\"has-inline-color has-palette-color-2-color\"><strong><em>RDConsultant<\/em><\/strong><\/mark> se propose de r\u00e9aliser des  missions ponctuelles (quelques heures), mais aussi des actions sur le moyen et le long terme, le tout  \u00e0 la carte.<\/p>\n","protected":false},"excerpt":{"rendered":"<p>RDConsultant vous accompagne dans l&rsquo;\u00e9laboration r\u00e9aliste d&rsquo;outils de gestion et d&rsquo;analyse. La rigueur, le pragmatisme et l&rsquo;approche \u00ab\u00a0terrain\u00a0\u00bb sont mis en avant afin de gagner en op\u00e9rationnalit\u00e9. Fort de son expertise dans le domaine, RDConsultant vous propose, par exemple, de vous conseiller et de vous former sur: (budget de chantier, budget d&rsquo;agence, budget d&rsquo;atelier, tableau [&hellip;]<\/p>\n","protected":false},"author":1,"featured_media":0,"parent":0,"menu_order":0,"comment_status":"closed","ping_status":"closed","template":"","meta":{"footnotes":""},"class_list":["post-31","page","type-page","status-publish","hentry"],"blocksy_meta":[],"featured_image_urls":{"full":"","thumbnail":"","medium":"","medium_large":"","large":"","1536x1536":"","2048x2048":""},"post_excerpt_stackable":"<p>RDConsultant vous accompagne dans l&rsquo;\u00e9laboration r\u00e9aliste d&rsquo;outils de gestion et d&rsquo;analyse. \u00ab\u00a0chantier bien pr\u00e9par\u00e9&#8230;. &#8230;. chantier maitris\u00e9&#8230; &#8230;.partenaires rassur\u00e9s\u00a0\u00bb La rigueur, le pragmatisme et l&rsquo;approche \u00ab\u00a0terrain\u00a0\u00bb sont mis en avant afin de gagner en op\u00e9rationnalit\u00e9. Fort de son expertise dans le domaine, RDConsultant vous propose, par exemple, de vous conseiller et de vous former sur: la mise en place et l&rsquo;utilisation de budgets et de tableaux de bord (budget de chantier, budget d&rsquo;agence, budget d&rsquo;atelier, tableau de bord de fin de mois,&#8230;) les m\u00e9thodes d&rsquo;analyse du prix de revient (famille de ressource, sous d\u00e9tail de prix, frais de chantier, frais\u2026<\/p>\n","category_list":"","author_info":{"name":"admin9255","url":"https:\/\/rdconsultant-formation.com\/index.php\/author\/admin9255\/"},"comments_num":"0 commentaire","_links":{"self":[{"href":"https:\/\/rdconsultant-formation.com\/index.php\/wp-json\/wp\/v2\/pages\/31","targetHints":{"allow":["GET"]}}],"collection":[{"href":"https:\/\/rdconsultant-formation.com\/index.php\/wp-json\/wp\/v2\/pages"}],"about":[{"href":"https:\/\/rdconsultant-formation.com\/index.php\/wp-json\/wp\/v2\/types\/page"}],"author":[{"embeddable":true,"href":"https:\/\/rdconsultant-formation.com\/index.php\/wp-json\/wp\/v2\/users\/1"}],"replies":[{"embeddable":true,"href":"https:\/\/rdconsultant-formation.com\/index.php\/wp-json\/wp\/v2\/comments?post=31"}],"version-history":[{"count":22,"href":"https:\/\/rdconsultant-formation.com\/index.php\/wp-json\/wp\/v2\/pages\/31\/revisions"}],"predecessor-version":[{"id":344,"href":"https:\/\/rdconsultant-formation.com\/index.php\/wp-json\/wp\/v2\/pages\/31\/revisions\/344"}],"wp:attachment":[{"href":"https:\/\/rdconsultant-formation.com\/index.php\/wp-json\/wp\/v2\/media?parent=31"}],"curies":[{"name":"wp","href":"https:\/\/api.w.org\/{rel}","templated":true}]}}