{"id":54,"date":"2023-11-17T14:01:22","date_gmt":"2023-11-17T13:01:22","guid":{"rendered":"https:\/\/rdconsultant-formation.com\/?page_id=54"},"modified":"2024-04-29T16:14:16","modified_gmt":"2024-04-29T14:14:16","slug":"entrepreneuriat","status":"publish","type":"page","link":"https:\/\/rdconsultant-formation.com\/index.php\/entrepreneuriat\/","title":{"rendered":"Vous accompagner dans l&rsquo;entrepreneuriat, booster votre activit\u00e9"},"content":{"rendered":"\n<p>Qui peut mieux parler de l&rsquo;entrepreneuriat que quelqu&rsquo;un qui a cr\u00e9\u00e9, d\u00e9velopp\u00e9 et transmis son entreprise?<\/p>\n\n\n\n<div class=\"wp-block-cover alignfull\"><span aria-hidden=\"true\" class=\"wp-block-cover__background has-palette-color-3-background-color has-background-dim-100 has-background-dim\"><\/span><div class=\"wp-block-cover__inner-container is-layout-constrained wp-block-cover-is-layout-constrained\">\n<div class=\"wp-block-media-text is-stacked-on-mobile\"><figure class=\"wp-block-media-text__media\"><img loading=\"lazy\" decoding=\"async\" width=\"1024\" height=\"682\" src=\"https:\/\/rdconsultant-formation.com\/wp-content\/uploads\/2024\/04\/augmented-reality-4507522_1280-1024x682.webp\" alt=\"\" class=\"wp-image-335 size-full\" srcset=\"https:\/\/rdconsultant-formation.com\/wp-content\/uploads\/2024\/04\/augmented-reality-4507522_1280-1024x682.webp 1024w, https:\/\/rdconsultant-formation.com\/wp-content\/uploads\/2024\/04\/augmented-reality-4507522_1280-300x200.webp 300w, https:\/\/rdconsultant-formation.com\/wp-content\/uploads\/2024\/04\/augmented-reality-4507522_1280-768x512.webp 768w, https:\/\/rdconsultant-formation.com\/wp-content\/uploads\/2024\/04\/augmented-reality-4507522_1280.webp 1280w\" sizes=\"auto, (max-width: 1024px) 100vw, 1024px\" \/><\/figure><div class=\"wp-block-media-text__content\">\n<p class=\"has-large-font-size\" style=\"font-style:normal;font-weight:100\">les besoins \u00e9voluent&#8230;.<\/p>\n\n\n\n<p class=\"has-text-align-right has-large-font-size\" style=\"font-style:normal;font-weight:100\">&#8230; l&rsquo;offre doit s&rsquo;adapter<\/p>\n<\/div><\/div>\n<\/div><\/div>\n\n\n\n<p>Vous trouverez ce profil parmi nos consultants.<\/p>\n\n\n\n<p>Nous pouvons donc vous aider en phase d&rsquo;\u00e9tude, de montage, de lancement mais aussi \u00e0 tous les instants de la vie de l&rsquo;entreprise.<\/p>\n\n\n\n<div class=\"wp-block-stackable-columns stk-block-columns stk-block stk-16dc162\" data-block-id=\"16dc162\"><div class=\"stk-row stk-inner-blocks stk-block-content stk-content-align stk-16dc162-column\">\n<div class=\"wp-block-stackable-column stk-block-column stk-column stk-block stk-7a1c206\" data-v=\"4\" data-block-id=\"7a1c206\"><div class=\"stk-column-wrapper stk-block-column__content stk-container stk-7a1c206-container stk--no-background stk--no-padding\"><div class=\"stk-block-content stk-inner-blocks stk-7a1c206-inner-blocks\">\n<p class=\"has-text-align-center\"><mark style=\"background-color:rgba(0, 0, 0, 0)\" class=\"has-inline-color has-palette-color-2-color\"><strong><em>RDConsultant<\/em><\/strong><\/mark> propose de r\u00e9aliser \u00e0 vos c\u00f4t\u00e9s :<\/p>\n\n\n\n<div class=\"wp-block-stackable-heading stk-block-heading stk-block-heading--v2 stk-block stk-cc78dd7\" id=\"les-etudes-de-marche\" data-block-id=\"cc78dd7\"><style>.stk-cc78dd7{margin-bottom:50px !important}.stk-cc78dd7 .stk-block-heading__text{text-transform:uppercase !important}.stk-cc78dd7 .stk-block-heading__top-line{height:1px !important;width:75% !important;margin-bottom:5px !important;margin-left:auto !important;margin-right:auto !important}.stk-cc78dd7 .stk-block-heading__bottom-line{height:1px !important;width:75% !important;margin-top:5px !important;margin-left:auto !important;margin-right:auto !important}<\/style><div class=\"stk-block-heading__top-line\"><\/div><h4 class=\"stk-block-heading__text has-text-align-center\">les \u00e9tudes de march\u00e9<\/h4><div class=\"stk-block-heading__bottom-line\"><\/div><\/div>\n\n\n\n<div class=\"wp-block-stackable-heading stk-block-heading stk-block-heading--v2 stk-block stk-48efc2b\" id=\"les-etudes-dopportunite\" data-block-id=\"48efc2b\"><style>.stk-48efc2b{margin-bottom:50px !important}.stk-48efc2b .stk-block-heading__text{text-transform:uppercase !important}.stk-48efc2b .stk-block-heading__top-line{height:1px !important;width:75% !important;margin-bottom:5px !important;margin-left:auto !important;margin-right:auto !important}.stk-48efc2b .stk-block-heading__bottom-line{height:1px !important;width:75% !important;margin-top:5px !important;margin-left:auto !important;margin-right:auto !important}<\/style><div class=\"stk-block-heading__top-line\"><\/div><h4 class=\"stk-block-heading__text has-text-align-center\">les \u00e9tudes d&rsquo;opportunit\u00e9<\/h4><div class=\"stk-block-heading__bottom-line\"><\/div><\/div>\n\n\n\n<div class=\"wp-block-stackable-heading stk-block-heading stk-block-heading--v2 stk-block stk-75bff87\" id=\"les-etudes-de-faisabilite\" data-block-id=\"75bff87\"><style>.stk-75bff87{margin-bottom:50px !important}.stk-75bff87 .stk-block-heading__text{text-transform:uppercase !important}.stk-75bff87 .stk-block-heading__top-line{height:1px !important;width:75% !important;margin-bottom:5px !important;margin-left:auto !important;margin-right:auto !important}.stk-75bff87 .stk-block-heading__bottom-line{height:1px !important;width:75% !important;margin-top:5px !important;margin-left:auto !important;margin-right:auto !important}<\/style><div class=\"stk-block-heading__top-line\"><\/div><h4 class=\"stk-block-heading__text has-text-align-center\">les \u00e9tudes de faisabilit\u00e9<\/h4><div class=\"stk-block-heading__bottom-line\"><\/div><\/div>\n<\/div><\/div><\/div>\n\n\n\n<div class=\"wp-block-stackable-column stk-block-column stk-column stk-block stk-ce79404\" data-v=\"4\" data-block-id=\"ce79404\"><div class=\"stk-column-wrapper stk-block-column__content stk-container stk-ce79404-container stk--no-background stk--no-padding\"><div class=\"stk-block-content stk-inner-blocks stk-ce79404-inner-blocks\">\n<p class=\"has-text-align-center\">et de d\u00e9finir ensemble :<\/p>\n\n\n\n<div class=\"wp-block-stackable-heading stk-block-heading stk-block-heading--v2 stk-block stk-7b71bfa\" id=\"des-objectifs-a-moyens-br-et-longs-termes\" data-block-id=\"7b71bfa\"><style>.stk-7b71bfa{margin-bottom:50px !important}.stk-7b71bfa .stk-block-heading__text{text-transform:uppercase !important}.stk-7b71bfa .stk-block-heading__top-line{height:1px !important;width:75% !important;margin-bottom:5px !important;margin-left:auto !important;margin-right:auto !important}.stk-7b71bfa .stk-block-heading__bottom-line{height:1px !important;width:75% !important;margin-top:5px !important;margin-left:auto !important;margin-right:auto !important}<\/style><div class=\"stk-block-heading__top-line\"><\/div><h4 class=\"stk-block-heading__text has-text-align-center\">des objectifs \u00e0 moyens <br>et longs termes<\/h4><div class=\"stk-block-heading__bottom-line\"><\/div><\/div>\n\n\n\n<div class=\"wp-block-stackable-heading stk-block-heading stk-block-heading--v2 stk-block stk-bda6241\" id=\"des-objectifs-operationnels\" data-block-id=\"bda6241\"><style>.stk-bda6241{margin-bottom:50px !important}.stk-bda6241 .stk-block-heading__text{text-transform:uppercase !important}.stk-bda6241 .stk-block-heading__top-line{height:1px !important;width:75% !important;margin-bottom:5px !important;margin-left:auto !important;margin-right:auto !important}.stk-bda6241 .stk-block-heading__bottom-line{height:1px !important;width:75% !important;margin-top:5px !important;margin-left:auto !important;margin-right:auto !important}<\/style><div class=\"stk-block-heading__top-line\"><\/div><h4 class=\"stk-block-heading__text has-text-align-center\">des objectifs op\u00e9rationnels<\/h4><div class=\"stk-block-heading__bottom-line\"><\/div><\/div>\n<\/div><\/div><\/div>\n<\/div><\/div>\n\n\n\n<p>Si vous le souhaitez, nous collaborons \u00e0 la construction des strat\u00e9gies et aux d\u00e9ploiements tactiques<\/p>\n\n\n\n<div class=\"wp-block-stackable-columns alignfull stk-block-columns stk-block stk-8f2afe2 stk-block-background\" data-block-id=\"8f2afe2\"><style>.stk-8f2afe2{background-color:var(--theme-palette-color-3,#475671) !important}.stk-8f2afe2:before{background-color:var(--theme-palette-color-3,#475671) !important}<\/style><div class=\"stk-row stk-inner-blocks stk-block-content stk-content-align stk-8f2afe2-column alignfull\">\n<div class=\"wp-block-stackable-column stk-block-column stk-column stk-block stk-10aace2\" data-v=\"4\" data-block-id=\"10aace2\"><div class=\"stk-column-wrapper stk-block-column__content stk-container stk-10aace2-container stk--no-background stk--no-padding\"><div class=\"stk-block-content stk-inner-blocks stk-10aace2-inner-blocks\">\n<p class=\"has-text-align-center has-palette-color-6-color has-text-color has-link-color has-large-font-size wp-elements-5e173fe47647edbf5836841d53ab18bc\" style=\"font-style:normal;font-weight:700;text-transform:uppercase\">Pour vous<\/p>\n\n\n\n<div class=\"wp-block-stackable-columns stk-block-columns stk-block stk-13e98e5\" data-block-id=\"13e98e5\"><div class=\"stk-row stk-inner-blocks stk-block-content stk-content-align stk-13e98e5-column\">\n<div class=\"wp-block-stackable-column stk-block-column stk-column stk-block stk-f44af33\" data-v=\"4\" data-block-id=\"f44af33\"><div class=\"stk-column-wrapper stk-block-column__content stk-container stk-f44af33-container stk--no-background stk--no-padding\"><div class=\"stk-block-content stk-inner-blocks stk-f44af33-inner-blocks\">\n<div class=\"wp-block-stackable-heading stk-block-heading stk-block-heading--v2 stk-block stk-4446e2a stk-block-background\" id=\"futurs-entrepreneurs\" data-block-id=\"4446e2a\"><style>.stk-4446e2a{background-color:var(--theme-palette-color-6,#f3f4f7) !important}.stk-4446e2a:before{background-color:var(--theme-palette-color-6,#f3f4f7) !important}<\/style><h4 class=\"stk-block-heading__text has-text-align-center\">futurs entrepreneurs<\/h4><\/div>\n\n\n\n<div class=\"wp-block-stackable-heading stk-block-heading stk-block-heading--v2 stk-block stk-0bf89df stk-block-background\" id=\"entrepreneurs-en-place\" data-block-id=\"0bf89df\"><style>.stk-0bf89df{background-color:var(--theme-palette-color-6,#f3f4f7) !important}.stk-0bf89df:before{background-color:var(--theme-palette-color-6,#f3f4f7) !important}<\/style><h4 class=\"stk-block-heading__text has-text-align-center\">entrepreneurs en place<\/h4><\/div>\n<\/div><\/div><\/div>\n\n\n\n<div class=\"wp-block-stackable-column stk-block-column stk-column stk-block stk-044ed2e\" data-v=\"4\" data-block-id=\"044ed2e\"><div class=\"stk-column-wrapper stk-block-column__content stk-container stk-044ed2e-container stk--no-background stk--no-padding\"><div class=\"stk-block-content stk-inner-blocks stk-044ed2e-inner-blocks\">\n<div class=\"wp-block-stackable-heading stk-block-heading stk-block-heading--v2 stk-block stk-3f8afa2 stk-block-background\" id=\"organisations-professionnelles\" data-block-id=\"3f8afa2\"><style>.stk-3f8afa2{background-color:var(--theme-palette-color-6,#f3f4f7) !important}.stk-3f8afa2:before{background-color:var(--theme-palette-color-6,#f3f4f7) !important}<\/style><h4 class=\"stk-block-heading__text has-text-align-center\">organisations professionnelles<\/h4><\/div>\n\n\n\n<div class=\"wp-block-stackable-heading stk-block-heading stk-block-heading--v2 stk-block stk-d9c87b0 stk-block-background\" id=\"chambres-consulaires\" data-block-id=\"d9c87b0\"><style>.stk-d9c87b0{background-color:var(--theme-palette-color-6,#f3f4f7) !important}.stk-d9c87b0:before{background-color:var(--theme-palette-color-6,#f3f4f7) !important}<\/style><h4 class=\"stk-block-heading__text has-text-align-center\">chambres consulaires<\/h4><\/div>\n<\/div><\/div><\/div>\n<\/div><\/div>\n<\/div><\/div><\/div>\n<\/div><\/div>\n\n\n\n<p>Sous la forme de votre choix :<\/p>\n\n\n\n<p><mark style=\"background-color:rgba(0, 0, 0, 0)\" class=\"has-inline-color has-palette-color-2-color\"><strong><em>RDConsultant<\/em><\/strong><\/mark> se propose de r\u00e9aliser des missions ponctuelles (quelques heures), mais aussi des actions de moyen et long terme, le tout \u00e0 la carte.<\/p>\n","protected":false},"excerpt":{"rendered":"<p>Qui peut mieux parler de l&rsquo;entrepreneuriat que quelqu&rsquo;un qui a cr\u00e9\u00e9, d\u00e9velopp\u00e9 et transmis son entreprise? Vous trouverez ce profil parmi nos consultants. Nous pouvons donc vous aider en phase d&rsquo;\u00e9tude, de montage, de lancement mais aussi \u00e0 tous les instants de la vie de l&rsquo;entreprise. RDConsultant propose de r\u00e9aliser \u00e0 vos c\u00f4t\u00e9s : les [&hellip;]<\/p>\n","protected":false},"author":1,"featured_media":0,"parent":0,"menu_order":0,"comment_status":"closed","ping_status":"closed","template":"","meta":{"footnotes":""},"class_list":["post-54","page","type-page","status-publish","hentry"],"blocksy_meta":[],"featured_image_urls":{"full":"","thumbnail":"","medium":"","medium_large":"","large":"","1536x1536":"","2048x2048":""},"post_excerpt_stackable":"<p>Qui peut mieux parler de l&rsquo;entrepreneuriat que quelqu&rsquo;un qui a cr\u00e9\u00e9, d\u00e9velopp\u00e9 et transmis son entreprise? les besoins \u00e9voluent&#8230;. &#8230; l&rsquo;offre doit s&rsquo;adapter Vous trouverez ce profil parmi nos consultants. Nous pouvons donc vous aider en phase d&rsquo;\u00e9tude, de montage, de lancement mais aussi \u00e0 tous les instants de la vie de l&rsquo;entreprise. RDConsultant propose de r\u00e9aliser \u00e0 vos c\u00f4t\u00e9s : les \u00e9tudes de march\u00e9 les \u00e9tudes d&rsquo;opportunit\u00e9 les \u00e9tudes de faisabilit\u00e9 et de d\u00e9finir ensemble : des objectifs \u00e0 moyens et longs termes des objectifs op\u00e9rationnels Si vous le souhaitez, nous collaborons \u00e0 la construction des strat\u00e9gies et aux\u2026<\/p>\n","category_list":"","author_info":{"name":"admin9255","url":"https:\/\/rdconsultant-formation.com\/index.php\/author\/admin9255\/"},"comments_num":"0 commentaire","_links":{"self":[{"href":"https:\/\/rdconsultant-formation.com\/index.php\/wp-json\/wp\/v2\/pages\/54","targetHints":{"allow":["GET"]}}],"collection":[{"href":"https:\/\/rdconsultant-formation.com\/index.php\/wp-json\/wp\/v2\/pages"}],"about":[{"href":"https:\/\/rdconsultant-formation.com\/index.php\/wp-json\/wp\/v2\/types\/page"}],"author":[{"embeddable":true,"href":"https:\/\/rdconsultant-formation.com\/index.php\/wp-json\/wp\/v2\/users\/1"}],"replies":[{"embeddable":true,"href":"https:\/\/rdconsultant-formation.com\/index.php\/wp-json\/wp\/v2\/comments?post=54"}],"version-history":[{"count":20,"href":"https:\/\/rdconsultant-formation.com\/index.php\/wp-json\/wp\/v2\/pages\/54\/revisions"}],"predecessor-version":[{"id":336,"href":"https:\/\/rdconsultant-formation.com\/index.php\/wp-json\/wp\/v2\/pages\/54\/revisions\/336"}],"wp:attachment":[{"href":"https:\/\/rdconsultant-formation.com\/index.php\/wp-json\/wp\/v2\/media?parent=54"}],"curies":[{"name":"wp","href":"https:\/\/api.w.org\/{rel}","templated":true}]}}