{"id":58,"date":"2023-11-17T14:03:04","date_gmt":"2023-11-17T13:03:04","guid":{"rendered":"https:\/\/rdconsultant-formation.com\/?page_id=58"},"modified":"2024-04-29T16:07:19","modified_gmt":"2024-04-29T14:07:19","slug":"transfert-de-competences","status":"publish","type":"page","link":"https:\/\/rdconsultant-formation.com\/index.php\/transfert-de-competences\/","title":{"rendered":"Transmettre les comp\u00e9tences des m\u00e9tiers du BTP, les adapter au poste de travail"},"content":{"rendered":"\n<p>Plusieurs challenges attendent nos entreprises du BTP pour les ann\u00e9es \u00e0 venir :<\/p>\n\n\n\n<div class=\"wp-block-cover alignfull\"><span aria-hidden=\"true\" class=\"wp-block-cover__background has-palette-color-3-background-color has-background-dim-100 has-background-dim\"><\/span><div class=\"wp-block-cover__inner-container is-layout-constrained wp-block-cover-is-layout-constrained\">\n<div class=\"wp-block-media-text is-stacked-on-mobile\" style=\"grid-template-columns:40% auto\"><figure class=\"wp-block-media-text__media\"><img loading=\"lazy\" decoding=\"async\" width=\"640\" height=\"427\" src=\"http:\/\/rdconsultant-formation.com\/wp-content\/uploads\/2024\/01\/engineer-4941158_640.jpg\" alt=\"\" class=\"wp-image-185 size-full\" srcset=\"https:\/\/rdconsultant-formation.com\/wp-content\/uploads\/2024\/01\/engineer-4941158_640.jpg 640w, https:\/\/rdconsultant-formation.com\/wp-content\/uploads\/2024\/01\/engineer-4941158_640-300x200.jpg 300w\" sizes=\"auto, (max-width: 640px) 100vw, 640px\" \/><\/figure><div class=\"wp-block-media-text__content\">\n<ul class=\"wp-block-list\">\n<li>s\u00e9duire nos jeunes et les former aux m\u00e9tiers du BTP<\/li>\n<\/ul>\n\n\n\n<ul class=\"wp-block-list\">\n<li>mettre en \u00e9vidence les savoir faire d&rsquo;exp\u00e9rience et les transmettre<\/li>\n<\/ul>\n\n\n\n<ul class=\"wp-block-list\">\n<li>adapter les comp\u00e9tences au poste de travail et garantir l&rsquo;\u00e9panouissement de nos collaborateurs<\/li>\n<\/ul>\n<\/div><\/div>\n<\/div><\/div>\n\n\n\n<p>L&rsquo;entrepreneur doit pour cela tenir compte des changements de paradigmes engendr\u00e9s par :<\/p>\n\n\n\n<ul class=\"wp-block-list\">\n<li>la transition num\u00e9rique et digitale<\/li>\n\n\n\n<li>la transition \u00e9cologique<\/li>\n\n\n\n<li>la transition manag\u00e9riale<\/li>\n<\/ul>\n\n\n\n<p>dans ce contexte, <mark style=\"background-color:rgba(0, 0, 0, 0)\" class=\"has-inline-color has-palette-color-2-color\"><strong><em>RDConsultant<\/em><\/strong><\/mark> propose des actions de formation et d&rsquo;ing\u00e9nierie p\u00e9dagogique<\/p>\n\n\n\n<div class=\"wp-block-stackable-columns alignfull stk-block-columns stk-block stk-8f2afe2 stk-block-background\" data-block-id=\"8f2afe2\"><style>.stk-8f2afe2{background-color:var(--theme-palette-color-3,#475671) !important}.stk-8f2afe2:before{background-color:var(--theme-palette-color-3,#475671) !important}<\/style><div class=\"stk-row stk-inner-blocks stk-block-content stk-content-align stk-8f2afe2-column alignfull\">\n<div class=\"wp-block-stackable-column stk-block-column stk-column stk-block stk-10aace2\" data-v=\"4\" data-block-id=\"10aace2\"><div class=\"stk-column-wrapper stk-block-column__content stk-container stk-10aace2-container stk--no-background stk--no-padding\"><div class=\"stk-block-content stk-inner-blocks stk-10aace2-inner-blocks\">\n<p class=\"has-text-align-center has-palette-color-6-color has-text-color has-link-color has-large-font-size wp-elements-5e173fe47647edbf5836841d53ab18bc\" style=\"font-style:normal;font-weight:700;text-transform:uppercase\">Pour vous<\/p>\n\n\n\n<div class=\"wp-block-stackable-columns stk-block-columns stk-block stk-13e98e5\" data-block-id=\"13e98e5\"><div class=\"stk-row stk-inner-blocks stk-block-content stk-content-align stk-13e98e5-column\">\n<div class=\"wp-block-stackable-column stk-block-column stk-column stk-block stk-f44af33\" data-v=\"4\" data-block-id=\"f44af33\"><div class=\"stk-column-wrapper stk-block-column__content stk-container stk-f44af33-container stk--no-background stk--no-padding\"><div class=\"stk-block-content stk-inner-blocks stk-f44af33-inner-blocks\">\n<div class=\"wp-block-stackable-heading stk-block-heading stk-block-heading--v2 stk-block stk-4446e2a stk-block-background\" id=\"les-centres-de-formation\" data-block-id=\"4446e2a\"><style>.stk-4446e2a{background-color:var(--theme-palette-color-6,#f3f4f7) !important}.stk-4446e2a:before{background-color:var(--theme-palette-color-6,#f3f4f7) !important}<\/style><h4 class=\"stk-block-heading__text has-text-align-center\">les centres de formation<\/h4><\/div>\n<\/div><\/div><\/div>\n\n\n\n<div class=\"wp-block-stackable-column stk-block-column stk-column stk-block stk-044ed2e\" data-v=\"4\" data-block-id=\"044ed2e\"><div class=\"stk-column-wrapper stk-block-column__content stk-container stk-044ed2e-container stk--no-background stk--no-padding\"><div class=\"stk-block-content stk-inner-blocks stk-044ed2e-inner-blocks\">\n<div class=\"wp-block-stackable-heading stk-block-heading stk-block-heading--v2 stk-block stk-3f8afa2 stk-block-background\" id=\"les-ecoles\" data-block-id=\"3f8afa2\"><style>.stk-3f8afa2{background-color:var(--theme-palette-color-6,#f3f4f7) !important}.stk-3f8afa2:before{background-color:var(--theme-palette-color-6,#f3f4f7) !important}<\/style><h4 class=\"stk-block-heading__text has-text-align-center\">les \u00e9coles<\/h4><\/div>\n<\/div><\/div><\/div>\n<\/div><\/div>\n\n\n\n<div class=\"wp-block-stackable-columns stk-block-columns stk-block stk-6db4311\" data-block-id=\"6db4311\"><div class=\"stk-row stk-inner-blocks stk-block-content stk-content-align stk-6db4311-column\">\n<div class=\"wp-block-stackable-column stk-block-column stk-column stk-block stk-bf25ddf\" data-v=\"4\" data-block-id=\"bf25ddf\"><div class=\"stk-column-wrapper stk-block-column__content stk-container stk-bf25ddf-container stk--no-background stk--no-padding\"><div class=\"stk-block-content stk-inner-blocks stk-bf25ddf-inner-blocks\">\n<div class=\"wp-block-stackable-heading stk-block-heading stk-block-heading--v2 stk-block stk-b72477f stk-block-background\" id=\"les-universites\" data-block-id=\"b72477f\"><style>.stk-b72477f{background-color:var(--theme-palette-color-6,#f3f4f7) !important}.stk-b72477f:before{background-color:var(--theme-palette-color-6,#f3f4f7) !important}<\/style><h4 class=\"stk-block-heading__text has-text-align-center\">les universit\u00e9s<\/h4><\/div>\n<\/div><\/div><\/div>\n\n\n\n<div class=\"wp-block-stackable-column stk-block-column stk-column stk-block stk-b73b935\" data-v=\"4\" data-block-id=\"b73b935\"><div class=\"stk-column-wrapper stk-block-column__content stk-container stk-b73b935-container stk--no-background stk--no-padding\"><div class=\"stk-block-content stk-inner-blocks stk-b73b935-inner-blocks\">\n<div class=\"wp-block-stackable-heading stk-block-heading stk-block-heading--v2 stk-block stk-8ebddfa stk-block-background\" id=\"les-organisations-professionnelles\" data-block-id=\"8ebddfa\"><style>.stk-8ebddfa{background-color:var(--theme-palette-color-6,#f3f4f7) !important}.stk-8ebddfa:before{background-color:var(--theme-palette-color-6,#f3f4f7) !important}<\/style><h4 class=\"stk-block-heading__text has-text-align-center\">les organisations professionnelles<\/h4><\/div>\n<\/div><\/div><\/div>\n<\/div><\/div>\n<\/div><\/div><\/div>\n<\/div><\/div>\n\n\n\n<p>Sous la forme de votre choix :<\/p>\n\n\n\n<p><mark style=\"background-color:rgba(0, 0, 0, 0)\" class=\"has-inline-color has-palette-color-2-color\"><strong><em>RDConsultant<\/em><\/strong><\/mark> se propose de r\u00e9aliser des missions ponctuelles (quelques heures), mais aussi des actions sur le moyen et le long terme, le tout \u00e0 la carte.<\/p>\n\n\n\n<p><\/p>\n\n\n\n<p><\/p>\n\n\n\n<div class=\"wp-block-stackable-count-up stk-block-count-up stk-block stk-94c3ea7\" data-block-id=\"94c3ea7\"><div class=\"stk-block-count-up__text\"><br><\/div><\/div>\n","protected":false},"excerpt":{"rendered":"<p>Plusieurs challenges attendent nos entreprises du BTP pour les ann\u00e9es \u00e0 venir : L&rsquo;entrepreneur doit pour cela tenir compte des changements de paradigmes engendr\u00e9s par : dans ce contexte, RDConsultant propose des actions de formation et d&rsquo;ing\u00e9nierie p\u00e9dagogique Pour vous les centres de formation les \u00e9coles les universit\u00e9s les organisations professionnelles Sous la forme de [&hellip;]<\/p>\n","protected":false},"author":1,"featured_media":0,"parent":0,"menu_order":0,"comment_status":"closed","ping_status":"closed","template":"","meta":{"footnotes":""},"class_list":["post-58","page","type-page","status-publish","hentry"],"blocksy_meta":[],"featured_image_urls":{"full":"","thumbnail":"","medium":"","medium_large":"","large":"","1536x1536":"","2048x2048":""},"post_excerpt_stackable":"<p>Plusieurs challenges attendent nos entreprises du BTP pour les ann\u00e9es \u00e0 venir : s\u00e9duire nos jeunes et les former aux m\u00e9tiers du BTP mettre en \u00e9vidence les savoir faire d&rsquo;exp\u00e9rience et les transmettre adapter les comp\u00e9tences au poste de travail et garantir l&rsquo;\u00e9panouissement de nos collaborateurs L&rsquo;entrepreneur doit pour cela tenir compte des changements de paradigmes engendr\u00e9s par : la transition num\u00e9rique et digitale la transition \u00e9cologique la transition manag\u00e9riale dans ce contexte, RDConsultant propose des actions de formation et d&rsquo;ing\u00e9nierie p\u00e9dagogique Pour vous les centres de formation les \u00e9coles les universit\u00e9s les organisations professionnelles Sous la forme de votre\u2026<\/p>\n","category_list":"","author_info":{"name":"admin9255","url":"https:\/\/rdconsultant-formation.com\/index.php\/author\/admin9255\/"},"comments_num":"0 commentaire","_links":{"self":[{"href":"https:\/\/rdconsultant-formation.com\/index.php\/wp-json\/wp\/v2\/pages\/58","targetHints":{"allow":["GET"]}}],"collection":[{"href":"https:\/\/rdconsultant-formation.com\/index.php\/wp-json\/wp\/v2\/pages"}],"about":[{"href":"https:\/\/rdconsultant-formation.com\/index.php\/wp-json\/wp\/v2\/types\/page"}],"author":[{"embeddable":true,"href":"https:\/\/rdconsultant-formation.com\/index.php\/wp-json\/wp\/v2\/users\/1"}],"replies":[{"embeddable":true,"href":"https:\/\/rdconsultant-formation.com\/index.php\/wp-json\/wp\/v2\/comments?post=58"}],"version-history":[{"count":9,"href":"https:\/\/rdconsultant-formation.com\/index.php\/wp-json\/wp\/v2\/pages\/58\/revisions"}],"predecessor-version":[{"id":332,"href":"https:\/\/rdconsultant-formation.com\/index.php\/wp-json\/wp\/v2\/pages\/58\/revisions\/332"}],"wp:attachment":[{"href":"https:\/\/rdconsultant-formation.com\/index.php\/wp-json\/wp\/v2\/media?parent=58"}],"curies":[{"name":"wp","href":"https:\/\/api.w.org\/{rel}","templated":true}]}}